{"id":143,"date":"2013-02-20T15:08:25","date_gmt":"2013-02-20T15:08:25","guid":{"rendered":"http:\/\/cesargrootammers.deimos.reprovinci.nl\/?page_id=143"},"modified":"2018-10-02T14:36:21","modified_gmt":"2018-10-02T14:36:21","slug":"chronisch-pijn-klachten","status":"publish","type":"page","link":"https:\/\/cesartherapie-waddinxveen.nl\/?page_id=143","title":{"rendered":"Chronische pijn"},"content":{"rendered":"<p><strong>Behandeling van Chronische Pijn.<\/strong><\/p>\n<p>Bij ons krijgt u een behandeling die uniek is in de 1e lijn!<\/p>\n<p>Wij behandelen volgens een protocol dat is opgezet in samenwerking met revalidatieartsen.<\/p>\n<p><strong>Wat is Chronische Pijn?<\/strong><\/p>\n<p>Pijn is een waarschuwing van het lichaam dat er iets niet in orde is en dat daar iets aan gedaan moet worden. Acute pijn heeft meestal een duidelijke oorzaak, bijvoorbeeld een verwonding of infectie. Na een tijdje rust of behandeling van de oorzaak gaat deze pijn weer over. Acute pijn is dus nuttig. Pijn kan echter ook chronisch worden. We spreken van chronische pijn, wanneer pijnklachten langer dan 6 weken blijven bestaan, terwijl de oorzaak van de pijn verdwenen is. De pijn heeft dan geen waarschuwingsfunctie meer en er is geen \u00e9\u00e9n op \u00e9\u00e9n relatie (meer) met het oorspronkelijke letsel.<br \/>\nDe pijn gaat als het ware een eigen leven leiden, met gevolgen voor het dagelijks leven. U gaat bijvoorbeeld bepaalde bewegingen vermijden uit angst voor de pijn, omdat deze als acute pijn blijft aanvoelen. Of u bijt zich juist door de pijn heen, wat bij heftige pijn moeilijk of niet vol te houden is.<\/p>\n<p><strong>Behandeling van Chronische Pijn<\/strong><\/p>\n<p>De behandeling is vooral gericht op het aanleren van vaardigheden om met de pijn om te gaan. In de behandeling wordt via concrete doelen gewerkt aan het verbeteren van de vaardigheden die voor u belangrijk zijn. Dat betekent voor de \u00e9\u00e9n bijvoorbeeld beter kunnen fietsen en voor de ander beter met spanningen omgaan. Belangrijk is dat u kritisch leert kijken naar uw eigen functioneren en bewust wordt van wat u kunt veranderen. Zo leert u gebruik te maken van uw eigen mogelijkheden en rekening te houden met beperkingen zodat kwaliteit van leven verbeterd.<\/p>\n<p>Meer informatie vindt u op\u00a0<a href=\"http:\/\/www.netwerkchronischepijn.nl\/\">www.netwerkchronischepijn.nl<\/a><\/p>\n<p><strong>Enkele voorbeelden van chronische pijn klachten:<\/strong><\/p>\n<ul>\n<li><strong>fibromyalgie<\/strong><\/li>\n<li><strong>whiplash<\/strong><\/li>\n<li><strong>lage rugklachten<\/strong><\/li>\n<li><strong>chronische vermoeidheid<\/strong><\/li>\n<li><strong>algemene (spier)pijnklachten<\/strong><\/li>\n<li><strong>chronische vermoeidheid<\/strong><\/li>\n<\/ul>\n<section id=\"thumbwrapper2\" class=\"gallery-video-content\"\r\n         data-gallery-video-perpage=\"5\" data-gallery-video-id=\"2\">\r\n\r\n    <input type=\"hidden\" class=\"pagenum\" value=\"1\"\/>\r\n    <ul id=\"huge_it_videogallery\" class=\"huge_it_videogallery view-thumbnails\">\r\n        <li id=\"fullPreview\"><\/li>\r\n        <input type=\"hidden\" id=\"total\" value=\"1\"\/>\r\n                    <li class=\"huge_it_big_li\" data-id=\"22\">\r\n                                    <a class=\"vyoutube huge_it_videogallery_item group2\"\r\n                       href=\"\/\/www.youtube.com\/embed\/z4RCWBZ4-cU\"\r\n                       title=\"Online programma bij mensen met chronische pijn\"\r\n                       data-description=\"Ivido is een online platform waar u vragenlijsten kunt invullen maar ook waar u veel kunt nalezen wat u met de therapeut heeft behandeld.\r\nHier een uitleg over. \"\r\n                       data-id=\"22\"><\/a>\r\n                    <img decoding=\"async\" src=\"\/\/img.youtube.com\/vi\/z4RCWBZ4-cU\/mqdefault.jpg\"\r\n                         alt=\"Online programma bij mensen met chronische pijn\"\/>\r\n                                    <div class=\"overLayer\"><\/div>\r\n                <div class=\"infoLayer\">\r\n                    <ul>\r\n                        <li>\r\n                            <h2>\r\n                                Online programma bij mensen met chronische pijn                            <\/h2>\r\n                        <\/li>\r\n                        <li>\r\n                            <p>\r\n                                Watch Video                            <\/p>\r\n                        <\/li>\r\n                    <\/ul>\r\n                <\/div>\r\n            <\/li>\r\n                    <li class=\"huge_it_big_li\" data-id=\"21\">\r\n                                    <a class=\"vyoutube huge_it_videogallery_item group2\"\r\n                       href=\"\/\/www.youtube.com\/embed\/jMddFbLNoCc\"\r\n                       title=\"Netwerk Chronische Pijn - Oefentherapeuten\"\r\n                       data-description=\"Wat doet de oefentherapeut Cesar bij chronische pijn. \"\r\n                       data-id=\"21\"><\/a>\r\n                    <img decoding=\"async\" src=\"\/\/img.youtube.com\/vi\/jMddFbLNoCc\/mqdefault.jpg\"\r\n                         alt=\"Netwerk Chronische Pijn - Oefentherapeuten\"\/>\r\n                                    <div class=\"overLayer\"><\/div>\r\n                <div class=\"infoLayer\">\r\n                    <ul>\r\n                        <li>\r\n                            <h2>\r\n                                Netwerk Chronische Pijn - Oefentherapeuten                            <\/h2>\r\n                        <\/li>\r\n                        <li>\r\n                            <p>\r\n                                Watch Video                            <\/p>\r\n                        <\/li>\r\n                    <\/ul>\r\n                <\/div>\r\n            <\/li>\r\n                    <li class=\"huge_it_big_li\" data-id=\"20\">\r\n                                    <a class=\"vyoutube huge_it_videogallery_item group2\"\r\n                       href=\"\/\/www.youtube.com\/embed\/5atmo3mreTY\"\r\n                       title=\"Netwerk chronische pijn\"\r\n                       data-description=\"Voorlichting patienten over Netwerk Chronische Pijn - NL ondertiteld\"\r\n                       data-id=\"20\"><\/a>\r\n                    <img decoding=\"async\" src=\"\/\/img.youtube.com\/vi\/5atmo3mreTY\/mqdefault.jpg\"\r\n                         alt=\"Netwerk chronische pijn\"\/>\r\n                                    <div class=\"overLayer\"><\/div>\r\n                <div class=\"infoLayer\">\r\n                    <ul>\r\n                        <li>\r\n                            <h2>\r\n                                Netwerk chronische pijn                            <\/h2>\r\n                        <\/li>\r\n                        <li>\r\n                            <p>\r\n                                Watch Video                            <\/p>\r\n                        <\/li>\r\n                    <\/ul>\r\n                <\/div>\r\n            <\/li>\r\n                    <li class=\"huge_it_big_li\" data-id=\"10\">\r\n                                    <a class=\"vyoutube huge_it_videogallery_item group2\"\r\n                       href=\"\/\/www.youtube.com\/embed\/983yfmB5fKQ\"\r\n                       title=\"Korte uitleg chronisch pijn\"\r\n                       data-description=\"Chronische pijn is ingewikkeld en staat onder invloed van meerdere aspecten. In deze video wordt u het een en ander uitgelegd. Voor meer informatie, neem contact met ons op.\"\r\n                       data-id=\"10\"><\/a>\r\n                    <img decoding=\"async\" src=\"\/\/img.youtube.com\/vi\/983yfmB5fKQ\/mqdefault.jpg\"\r\n                         alt=\"Korte uitleg chronisch pijn\"\/>\r\n                                    <div class=\"overLayer\"><\/div>\r\n                <div class=\"infoLayer\">\r\n                    <ul>\r\n                        <li>\r\n                            <h2>\r\n                                Korte uitleg chronisch pijn                            <\/h2>\r\n                        <\/li>\r\n                        <li>\r\n                            <p>\r\n                                Watch Video                            <\/p>\r\n                        <\/li>\r\n                    <\/ul>\r\n                <\/div>\r\n            <\/li>\r\n        \r\n    <\/ul>\r\n    <\/section><style>\r\nsection #huge_it_videogallery a{\r\n\tborder:none;\r\n}\r\nsection #huge_it_videogallery {\r\n\tpadding: 28px;\r\n\tdisplay: block;\r\n\tmin-height: 100%;\r\n\ttext-align: center;\r\n\tmargin-bottom: 30px;\r\n  background-color: #333333; box-shadow: 0 0 10px;}\r\n\r\n\r\n#huge_it_videogallery .huge_it_big_li {\r\n\twidth: 100%;\r\n\tmax-width: 240px;\r\n\toverflow:hidden;\r\n\theight: 150px;\r\n\tmargin: 1px !important;\r\n\tpadding:0 !important;\r\n\tborder: 1px solid #444444;\r\n\tborder-radius: 5px;\r\n}\r\n\r\nsection #huge_it_videogallery li .infoLayer ul li {\r\n\tmax-height:80px;\r\n\toverflow:hidden;\r\n}\r\n\r\nsection #huge_it_videogallery li .overLayer ul li h2,\r\nsection #huge_it_videogallery li .infoLayer ul li h2 {\r\n\tfont-size: 16px;\r\n\tcolor: #FFFFFF;\r\n\tmargin:0 !important;\r\n}\r\n\r\nsection #huge_it_videogallery li .infoLayer ul li p {\r\n\tcolor: #FFFFFF;\r\n\tmargin:0 !important;\r\n}\r\n\r\nsection #huge_it_videogallery li .overLayer,\r\nsection #huge_it_videogallery li .infoLayer {\r\n\t-webkit-transition: opacity 0.3s linear;\r\n\t-moz-transition: opacity 0.3s linear;\r\n\t-ms-transition: opacity 0.3s linear;\r\n\t-o-transition: opacity 0.3s linear;\r\n\ttransition: opacity 0.3s linear;\r\n\twidth: 100%;\r\n\tmax-width: 240px;\r\n\theight: 150px;\r\n\tposition: absolute;\r\n\ttext-align: center;\r\n\topacity: 0;\r\n\ttop: 0;\r\n\tleft: 0;\r\n\tz-index: 4;\r\n\tborder-radius: 5px;\r\n}\r\n\r\n\r\n\r\nsection #huge_it_videogallery li a {\r\n\tposition: absolute;\r\n\tdisplay: block;\r\n\twidth: 100%;\r\n\tmax-width: 240px;\r\n\theight: 150px;\r\n\ttop: 0;\r\n\tleft: 0;\r\n\tz-index: 6;\r\n\tborder-radius: 5px;\r\n}\r\n.load_more3 {\r\n\tmargin: 10px 0;\r\n\tposition:relative;\r\n\ttext-align:center;\r\n\twidth:100%;\r\n}\r\n\r\n.load_more_button3 {\r\n\tborder-radius: 10px;\r\n\tdisplay:inline-block;\r\n\tpadding:5px 15px;\r\n\tfont-size:19px !important;;\r\n\tcolor:#CCCCCC !important;;\r\n\tbackground:#333333 !important;\r\n\tcursor:pointer;\r\n\r\n}\r\n.load_more_button3:hover{\r\n\tcolor:#D9D9D9 !important;\r\n\tbackground:#8F827C !important;\r\n}\r\n.loading3 {\r\n\tdisplay:none;\r\n}\r\n.paginate3{\r\n\tfont-size:22px !important;\r\n\tcolor:#0A0202 !important;\r\n\ttext-align: center;\r\n}\r\n.paginate3 a{\r\n\tborder-bottom: none !important;\r\n\tbox-shadow: none !important;\r\n}\r\n.icon-style3{\r\n\tfont-size: 22px !important;\r\n\tcolor:#333333 !important;\r\n}\r\n.clear{\r\n\tclear:both;\r\n}\r\n\r\n#huge_it_videogallery li img {\r\n\twidth: 100%;\r\n\tmax-width: 238px;\r\n\theight: 148px;\r\n\tmin-height: 100%;\r\n\tmargin:0 !important;\r\n}\r\n\r\nsection #huge_it_videogallery li:hover .overLayer {\r\n\t-webkit-transition: opacity 0.3s linear;\r\n\t-moz-transition: opacity 0.3s linear;\r\n\t-ms-transition: opacity 0.3s linear;\r\n\t-o-transition: opacity 0.3s linear;\r\n\ttransition: opacity 0.3s linear;\r\n\topacity: 0.801;\r\n\tdisplay: block;\r\n\tbackground: #CCCCCC;\r\n}\r\nsection #huge_it_videogallery li:hover .infoLayer {\r\n\t-webkit-transition: opacity 0.3s linear;\r\n\t-moz-transition: opacity 0.3s linear;\r\n\tms-transition: opacity 0.3s linear;\r\n\t-o-transition: opacity 0.3s linear;\r\n\ttransition: opacity 0.3s linear;\r\n\topacity: 1;\r\n\tdisplay: block;\r\n}\r\nsection #huge_it_videogallery p {text-align:center;}\r\n<\/style>\n<p>Klik <a title=\"voorlichting over chronische pijn\" href=\"https:\/\/www.youtube.com\/watch?v=983yfmB5fKQ\">hier <\/a>voor nog\u00a0een filmpje<\/p>\n<p>Aanmelden kan via de mail of u belt, voor of\u00a0klik <a href=\"https:\/\/cesartherapie-waddinxveen.nl\/praktijkinformatie\/contact\/\">hier<\/a>.<\/p>\n","protected":false},"excerpt":{"rendered":"<p>Behandeling van Chronische Pijn. Bij ons krijgt u een behandeling die uniek is in de 1e lijn! Wij behandelen volgens een protocol dat is opgezet in samenwerking met revalidatieartsen. Wat is Chronische Pijn? Pijn is een waarschuwing van het lichaam dat er iets niet in orde is en dat daar iets aan gedaan moet worden. &hellip; <a href=\"https:\/\/cesartherapie-waddinxveen.nl\/?page_id=143\" class=\"more-link\">Lees verder <span class=\"screen-reader-text\">Chronische pijn<\/span> <span class=\"meta-nav\">&rarr;<\/span><\/a><\/p>\n","protected":false},"author":1,"featured_media":0,"parent":0,"menu_order":0,"comment_status":"closed","ping_status":"closed","template":"","meta":{"_monsterinsights_skip_tracking":false,"_monsterinsights_sitenote_active":false,"_monsterinsights_sitenote_note":"","_monsterinsights_sitenote_category":0,"footnotes":""},"class_list":["post-143","page","type-page","status-publish","hentry"],"_links":{"self":[{"href":"https:\/\/cesartherapie-waddinxveen.nl\/index.php?rest_route=\/wp\/v2\/pages\/143","targetHints":{"allow":["GET"]}}],"collection":[{"href":"https:\/\/cesartherapie-waddinxveen.nl\/index.php?rest_route=\/wp\/v2\/pages"}],"about":[{"href":"https:\/\/cesartherapie-waddinxveen.nl\/index.php?rest_route=\/wp\/v2\/types\/page"}],"author":[{"embeddable":true,"href":"https:\/\/cesartherapie-waddinxveen.nl\/index.php?rest_route=\/wp\/v2\/users\/1"}],"replies":[{"embeddable":true,"href":"https:\/\/cesartherapie-waddinxveen.nl\/index.php?rest_route=%2Fwp%2Fv2%2Fcomments&post=143"}],"version-history":[{"count":8,"href":"https:\/\/cesartherapie-waddinxveen.nl\/index.php?rest_route=\/wp\/v2\/pages\/143\/revisions"}],"predecessor-version":[{"id":1628,"href":"https:\/\/cesartherapie-waddinxveen.nl\/index.php?rest_route=\/wp\/v2\/pages\/143\/revisions\/1628"}],"wp:attachment":[{"href":"https:\/\/cesartherapie-waddinxveen.nl\/index.php?rest_route=%2Fwp%2Fv2%2Fmedia&parent=143"}],"curies":[{"name":"wp","href":"https:\/\/api.w.org\/{rel}","templated":true}]}}